{"id":23,"date":"2015-10-15T15:32:40","date_gmt":"2015-10-15T15:32:40","guid":{"rendered":"http:\/\/wpoffice\/construction\/?page_id=23"},"modified":"2026-02-12T19:53:49","modified_gmt":"2026-02-12T19:53:49","slug":"contact","status":"publish","type":"page","link":"https:\/\/ch-g.fr\/?page_id=23","title":{"rendered":"Nous Contacter"},"content":{"rendered":"\n<style type=\"text\/css\" data-created_by=\"avia_inline_auto\" id=\"style-css-av-4lprb-bf9a75d6554b88f065df8516a2f0c3a4\">\n.flex_column.av-4lprb-bf9a75d6554b88f065df8516a2f0c3a4{\nborder-radius:0px 0px 0px 0px;\npadding:0px 0px 0px 0px;\n}\n<\/style>\n<div  class='flex_column av-4lprb-bf9a75d6554b88f065df8516a2f0c3a4 av_three_fourth  avia-builder-el-0  el_before_av_one_fourth  avia-builder-el-first  first flex_column_div av-animated-generic bottom-to-top av-zero-column-padding  '     ><p>\n<style type=\"text\/css\" data-created_by=\"avia_inline_auto\" id=\"style-css-av-mlid9kri-e48460eeed474213e9ddcc93f5fa3995\">\n#top .av-special-heading.av-mlid9kri-e48460eeed474213e9ddcc93f5fa3995{\npadding-bottom:0;\n}\nbody .av-special-heading.av-mlid9kri-e48460eeed474213e9ddcc93f5fa3995 .av-special-heading-tag .heading-char{\nfont-size:25px;\n}\n.av-special-heading.av-mlid9kri-e48460eeed474213e9ddcc93f5fa3995 .av-subheading{\nfont-size:15px;\n}\n<\/style>\n<div  class='av-special-heading av-mlid9kri-e48460eeed474213e9ddcc93f5fa3995 av-special-heading-h3 blockquote modern-quote  avia-builder-el-1  el_before_av_hr  avia-builder-el-first '><h3 class='av-special-heading-tag '  itemprop=\"headline\"  >Nous contacter<\/h3><div class=\"special-heading-border\"><div class=\"special-heading-inner-border\"><\/div><\/div><\/div><br \/>\n\n<style type=\"text\/css\" data-created_by=\"avia_inline_auto\" id=\"style-css-av-mlida8nd-3bf4a91d7b86ec153e9c8fa83528749e\">\n#top .hr.av-mlida8nd-3bf4a91d7b86ec153e9c8fa83528749e{\nmargin-top:10px;\nmargin-bottom:10px;\n}\n.hr.av-mlida8nd-3bf4a91d7b86ec153e9c8fa83528749e .hr-inner{\nwidth:50px;\nborder-color:#000091;\n}\n<\/style>\n<div  class='hr av-mlida8nd-3bf4a91d7b86ec153e9c8fa83528749e hr-custom  avia-builder-el-2  el_after_av_heading  el_before_av_textblock  hr-left hr-icon-no'><span class='hr-inner inner-border-av-border-fat'><span class=\"hr-inner-style\"><\/span><\/span><\/div><br \/>\n<section  class='av_textblock_section av-2crpr-8f7011a8b580cfb9e1808d6d4c8ea94a '   itemscope=\"itemscope\" itemtype=\"https:\/\/schema.org\/CreativeWork\" ><div class='avia_textblock'  itemprop=\"text\" ><p data-start=\"706\" data-end=\"783\">Vous envisagez une acquisition ou souhaitez s\u00e9curiser un actif immobilier ?<\/p>\n<p data-start=\"790\" data-end=\"926\">Cabinet CH_G+ intervient en amont de toute d\u00e9cision afin d\u2019apporter une lecture technique ind\u00e9pendante et structur\u00e9e du bien concern\u00e9.<\/p>\n<p data-start=\"933\" data-end=\"1050\">Toute prise de contact donne lieu \u00e0 un premier \u00e9change confidentiel permettant d\u2019\u00e9valuer la pertinence d\u2019une mission.<\/p>\n<\/div><\/section><br \/>\n<form action=\"https:\/\/ch-g.fr\/?page_id=23\" method=\"post\" data-fields-with-error=\"Found errors in the following field(s):\" class=\"avia_ajax_form av-form-labels-visible   avia-builder-el-4  el_after_av_textblock  avia-builder-el-last   \" data-avia-form-id=\"1\" data-avia-redirect=''  aria-label='Contact Form' ><fieldset><p class='  first_form  form_element form_fullwidth' id='element_avia_1_1'><label for=\"avia_1_1\">Nom | Soci\u00e9t\u00e9 <abbr class=\"required\" title=\"required\">*<\/abbr><\/label> <input name=\"avia_1_1\" class=\"text_input is_empty\" type=\"text\" id=\"avia_1_1\" value=\"\" \/><\/p><p class='  first_form  form_element form_element_half' id='element_avia_2_1'><label for=\"avia_2_1\">T\u00e9l\u00e9phone <abbr class=\"required\" title=\"required\">*<\/abbr><\/label> <input name=\"avia_2_1\" class=\"text_input is_phone\" type=\"text\" id=\"avia_2_1\" value=\"\" \/><\/p><p class='  form_element form_element_half' id='element_avia_3_1'><label for=\"avia_3_1\">E-Mail <abbr class=\"required\" title=\"required\">*<\/abbr><\/label> <input name=\"avia_3_1\" class=\"text_input is_email\" type=\"text\" id=\"avia_3_1\" value=\"\" \/><\/p><p class='  first_form  form_element form_element_half' id='element_avia_4_1'><label for=\"avia_4_1\">Localisation du bien <abbr class=\"required\" title=\"required\">*<\/abbr><\/label><select  name=\"avia_4_1\" class=\"select is_empty\" id=\"avia_4_1\"><option   value='Paris'>Paris<\/option><option   value='\u00cele-de-France'>\u00cele-de-France<\/option><option   value='France M\u00e9tropolitaine'>France M\u00e9tropolitaine<\/option><\/select><\/p><p class='  form_element form_element_half' id='element_avia_5_1'><label for=\"avia_5_1\">Type d\u2019actif <abbr class=\"required\" title=\"required\">*<\/abbr><\/label><select  name=\"avia_5_1\" class=\"select is_empty\" id=\"avia_5_1\"><option   value='Appartement'>Appartement<\/option><option   value='Immeuble'>Immeuble<\/option><option   value='Propri\u00e9t\u00e9 priv\u00e9e'>Propri\u00e9t\u00e9 priv\u00e9e<\/option><option   value='Tertiaire'>Tertiaire<\/option><option   value='Autre'>Autre<\/option><\/select><\/p><p class='  first_form  form_element form_element_half' id='element_avia_6_1'><label for=\"avia_6_1\">Stade du projet <abbr class=\"required\" title=\"required\">*<\/abbr><\/label><select  name=\"avia_6_1\" class=\"select is_empty\" id=\"avia_6_1\"><option   value='Avant offre'>Avant offre<\/option><option   value='Promesse sign\u00e9e'>Promesse sign\u00e9e<\/option><option   value='Autre'>Autre<\/option><\/select><\/p><p class='  first_form  form_element form_fullwidth' id='element_avia_7_1'><label for=\"avia_7_1\" class=\"textare_label hidden textare_label_avia_7_1\">Message <abbr class=\"required\" title=\"required\">*<\/abbr><\/label><textarea  name=\"avia_7_1\" class=\"text_area is_empty\" cols=\"40\" rows=\"7\" id=\"avia_7_1\" ><\/textarea><\/p><p class='  first_form  form_element form_fullwidth av-last-visible-form-element' id='element_avia_8_1'><input  name=\"avia_8_1\" class=\"input_checkbox is_empty\" type=\"checkbox\" id=\"avia_8_1\" value=\"true\"\/><label class=\"input_checkbox_label\" for=\"avia_8_1\">J\u2019accepte que mes donn\u00e9es soient utilis\u00e9es dans le cadre de ma demande (RGPD) <abbr class=\"required\" title=\"required\">*<\/abbr><\/label><\/p><p class=\"hidden\"><input type=\"text\" name=\"avia_9_1\" class=\"hidden \" id=\"avia_9_1\" value=\"\" \/><\/p><p class=\"form_element \"><input type=\"hidden\" value=\"1\" name=\"avia_generated_form1\" \/><input type=\"submit\" value=\"Transmettre la demande\" class=\"button\"  data-sending-label=\"Sending\"\/><\/p><\/fieldset><\/form><div id=\"ajaxresponse_1\" class=\"ajaxresponse ajaxresponse_1 hidden\"><\/div><\/p><\/div>\n<style type=\"text\/css\" data-created_by=\"avia_inline_auto\" id=\"style-css-av-3wvmf-d74b7d6d0ff85e9d160a768e5137c292\">\n.flex_column.av-3wvmf-d74b7d6d0ff85e9d160a768e5137c292{\nborder-radius:0px 0px 0px 0px;\npadding:0px 0px 0px 0px;\n}\n<\/style>\n<div  class='flex_column av-3wvmf-d74b7d6d0ff85e9d160a768e5137c292 av_one_fourth  avia-builder-el-5  el_after_av_three_fourth  avia-builder-el-last  flex_column_div av-animated-generic bottom-to-top av-zero-column-padding  '     ><p>\n<style type=\"text\/css\" data-created_by=\"avia_inline_auto\" id=\"style-css-av-3414b-d8d207db39b7491e1a0e3567b98247eb\">\n#top .av-special-heading.av-3414b-d8d207db39b7491e1a0e3567b98247eb{\npadding-bottom:0;\n}\nbody .av-special-heading.av-3414b-d8d207db39b7491e1a0e3567b98247eb .av-special-heading-tag .heading-char{\nfont-size:25px;\n}\n.av-special-heading.av-3414b-d8d207db39b7491e1a0e3567b98247eb .av-subheading{\nfont-size:15px;\n}\n<\/style>\n<div  class='av-special-heading av-3414b-d8d207db39b7491e1a0e3567b98247eb av-special-heading-h3 blockquote modern-quote  avia-builder-el-6  el_before_av_hr  avia-builder-el-first '><h3 class='av-special-heading-tag '  itemprop=\"headline\"  >D\u2019autres fa\u00e7ons de nous joindre<\/h3><div class=\"special-heading-border\"><div class=\"special-heading-inner-border\"><\/div><\/div><\/div><br \/>\n\n<style type=\"text\/css\" data-created_by=\"avia_inline_auto\" id=\"style-css-av-1mq27-1dd5bfaf18e27a8a26b6670e20d78267\">\n#top .hr.av-1mq27-1dd5bfaf18e27a8a26b6670e20d78267{\nmargin-top:10px;\nmargin-bottom:10px;\n}\n.hr.av-1mq27-1dd5bfaf18e27a8a26b6670e20d78267 .hr-inner{\nwidth:50px;\nborder-color:#000091;\n}\n<\/style>\n<div  class='hr av-1mq27-1dd5bfaf18e27a8a26b6670e20d78267 hr-custom  avia-builder-el-7  el_after_av_heading  el_before_av_textblock  hr-left hr-icon-no'><span class='hr-inner inner-border-av-border-fat'><span class=\"hr-inner-style\"><\/span><\/span><\/div><br \/>\n<section  class='av_textblock_section av-422z-39e81a536d5d4b5dede1d8719c27d01f '   itemscope=\"itemscope\" itemtype=\"https:\/\/schema.org\/CreativeWork\" ><div class='avia_textblock'  itemprop=\"text\" ><p><strong>Adresse<br \/>\n<\/strong>Paris &#8211; France<\/p>\n<p><strong>Contact<\/strong><br \/>\ncontact@ch-g.fr<br \/>\n+33 6 87 73 87 87<br \/>\nAppels internationaux possibles via WhatsApp.<\/p>\n<p><strong>Rendez-vous<\/strong><br \/>\nLes rendez-vous sont organis\u00e9s sur demande, en pr\u00e9sentiel ou en visioconf\u00e9rence.<\/p>\n<p><strong>Confidentialit\u00e9 &#038; R\u00e9activit\u00e9<br \/>\n<\/strong>Chaque demande est trait\u00e9e personnellement.<br data-start=\"458\" data-end=\"461\" \/>R\u00e9ponse sous 24 \u00e0 48 heures ouvr\u00e9es.<br data-start=\"497\" data-end=\"500\" \/>Les informations transmises sont strictement confidentielles.<\/p>\n<\/div><\/section><\/p><\/div><\/p>\n","protected":false},"excerpt":{"rendered":"","protected":false},"author":1,"featured_media":0,"parent":0,"menu_order":0,"comment_status":"closed","ping_status":"closed","template":"","meta":{"footnotes":""},"class_list":["post-23","page","type-page","status-publish","hentry"],"_links":{"self":[{"href":"https:\/\/ch-g.fr\/index.php?rest_route=\/wp\/v2\/pages\/23","targetHints":{"allow":["GET"]}}],"collection":[{"href":"https:\/\/ch-g.fr\/index.php?rest_route=\/wp\/v2\/pages"}],"about":[{"href":"https:\/\/ch-g.fr\/index.php?rest_route=\/wp\/v2\/types\/page"}],"author":[{"embeddable":true,"href":"https:\/\/ch-g.fr\/index.php?rest_route=\/wp\/v2\/users\/1"}],"replies":[{"embeddable":true,"href":"https:\/\/ch-g.fr\/index.php?rest_route=%2Fwp%2Fv2%2Fcomments&post=23"}],"version-history":[{"count":15,"href":"https:\/\/ch-g.fr\/index.php?rest_route=\/wp\/v2\/pages\/23\/revisions"}],"predecessor-version":[{"id":608,"href":"https:\/\/ch-g.fr\/index.php?rest_route=\/wp\/v2\/pages\/23\/revisions\/608"}],"wp:attachment":[{"href":"https:\/\/ch-g.fr\/index.php?rest_route=%2Fwp%2Fv2%2Fmedia&parent=23"}],"curies":[{"name":"wp","href":"https:\/\/api.w.org\/{rel}","templated":true}]}}