{"id":568,"date":"2026-02-12T11:12:36","date_gmt":"2026-02-12T11:12:36","guid":{"rendered":"https:\/\/ch-g.fr\/?page_id=568"},"modified":"2026-02-12T19:53:28","modified_gmt":"2026-02-12T19:53:28","slug":"faq-fr","status":"publish","type":"page","link":"https:\/\/ch-g.fr\/?page_id=568","title":{"rendered":"\u00c9clairages"},"content":{"rendered":"\n<style type=\"text\/css\" data-created_by=\"avia_inline_auto\" id=\"style-css-av-4lprb-bf9a75d6554b88f065df8516a2f0c3a4\">\n.flex_column.av-4lprb-bf9a75d6554b88f065df8516a2f0c3a4{\nborder-radius:0px 0px 0px 0px;\npadding:0px 0px 0px 0px;\n}\n<\/style>\n<div  class='flex_column av-4lprb-bf9a75d6554b88f065df8516a2f0c3a4 av_three_fourth  avia-builder-el-0  el_before_av_one_fourth  avia-builder-el-first  first flex_column_div av-animated-generic bottom-to-top av-zero-column-padding  '     ><p>\n<style type=\"text\/css\" data-created_by=\"avia_inline_auto\" id=\"style-css-av-mlid9kri-6e598b5bd7ad5c9bddc35ea7db748f2f\">\n#top .av-special-heading.av-mlid9kri-6e598b5bd7ad5c9bddc35ea7db748f2f{\npadding-bottom:0;\n}\nbody .av-special-heading.av-mlid9kri-6e598b5bd7ad5c9bddc35ea7db748f2f .av-special-heading-tag .heading-char{\nfont-size:25px;\n}\n.av-special-heading.av-mlid9kri-6e598b5bd7ad5c9bddc35ea7db748f2f .av-subheading{\nfont-size:15px;\n}\n<\/style>\n<div  class='av-special-heading av-mlid9kri-6e598b5bd7ad5c9bddc35ea7db748f2f av-special-heading-h3 blockquote modern-quote  avia-builder-el-1  el_before_av_hr  avia-builder-el-first '><h3 class='av-special-heading-tag '  itemprop=\"headline\"  >Questions Fr\u00e9quentes<\/h3><div class=\"special-heading-border\"><div class=\"special-heading-inner-border\"><\/div><\/div><\/div><br \/>\n\n<style type=\"text\/css\" data-created_by=\"avia_inline_auto\" id=\"style-css-av-mlida8nd-3bf4a91d7b86ec153e9c8fa83528749e\">\n#top .hr.av-mlida8nd-3bf4a91d7b86ec153e9c8fa83528749e{\nmargin-top:10px;\nmargin-bottom:10px;\n}\n.hr.av-mlida8nd-3bf4a91d7b86ec153e9c8fa83528749e .hr-inner{\nwidth:50px;\nborder-color:#000091;\n}\n<\/style>\n<div  class='hr av-mlida8nd-3bf4a91d7b86ec153e9c8fa83528749e hr-custom  avia-builder-el-2  el_after_av_heading  el_before_av_toggle_container  hr-left hr-icon-no'><span class='hr-inner inner-border-av-border-fat'><span class=\"hr-inner-style\"><\/span><\/span><\/div><br \/>\n<div  class='togglecontainer av-mljd3b3u-9c54cafa042781015adf0913d29a7dd7  avia-builder-el-3  el_after_av_hr  el_before_av_textblock  toggle_close_all' >\n<section class='av_toggle_section av-mljczthn-12f390d570238ca2189cbf9971e60752'  itemscope=\"itemscope\" itemtype=\"https:\/\/schema.org\/CreativeWork\" ><div role=\"tablist\" class=\"single_toggle\" data-tags=\"{All} \"  ><p id='toggle-toggle-id-1' data-fake-id='#toggle-id-1' class='toggler  av-title-above '  itemprop=\"headline\"  role='tab' tabindex='0' aria-controls='toggle-id-1' data-slide-speed=\"200\" data-title=\"Pourquoi r\u00e9aliser une due diligence technique avant une acquisition ?\" data-title-open=\"\" data-aria_collapsed=\"Click to expand: Pourquoi r\u00e9aliser une due diligence technique avant une acquisition ?\" data-aria_expanded=\"Click to collapse: Pourquoi r\u00e9aliser une due diligence technique avant une acquisition ?\">Pourquoi r\u00e9aliser une due diligence technique avant une acquisition ?<span class=\"toggle_icon\"><span class=\"vert_icon\"><\/span><span class=\"hor_icon\"><\/span><\/span><\/p><div id='toggle-id-1' aria-labelledby='toggle-toggle-id-1' role='region' class='toggle_wrap  av-title-above'  ><div class='toggle_content invers-color '  itemprop=\"text\" ><p data-start=\"307\" data-end=\"440\">Un actif immobilier peut pr\u00e9senter des contraintes structurelles, r\u00e9glementaires ou techniques non visibles lors d\u2019une simple visite.<\/p>\n<p data-start=\"442\" data-end=\"485\">Une analyse ind\u00e9pendante pr\u00e9alable permet :<\/p>\n<ul data-start=\"487\" data-end=\"641\">\n<li data-start=\"487\" data-end=\"526\">\n<p data-start=\"489\" data-end=\"526\">d\u2019identifier les risques potentiels<\/p>\n<\/li>\n<li data-start=\"527\" data-end=\"571\">\n<p data-start=\"529\" data-end=\"571\">d\u2019anticiper les implications financi\u00e8res<\/p>\n<\/li>\n<li data-start=\"572\" data-end=\"600\">\n<p data-start=\"574\" data-end=\"600\">de s\u00e9curiser la d\u00e9cision<\/p>\n<\/li>\n<li data-start=\"601\" data-end=\"641\">\n<p data-start=\"603\" data-end=\"641\">de n\u00e9gocier en connaissance de cause<\/p>\n<\/li>\n<\/ul>\n<p data-start=\"643\" data-end=\"710\">Elle constitue un outil d\u2019aide \u00e0 la d\u00e9cision avant tout engagement.<\/p>\n<\/div><\/div><\/div><\/section>\n<section class='av_toggle_section av-mljd0681-7fcb77b57b68dc45ab7646d49d73bc3f'  itemscope=\"itemscope\" itemtype=\"https:\/\/schema.org\/CreativeWork\" ><div role=\"tablist\" class=\"single_toggle\" data-tags=\"{All} \"  ><p id='toggle-toggle-id-2' data-fake-id='#toggle-id-2' class='toggler  av-title-above '  itemprop=\"headline\"  role='tab' tabindex='0' aria-controls='toggle-id-2' data-slide-speed=\"200\" data-title=\"\u00c0 quel moment intervenir ?\" data-title-open=\"\" data-aria_collapsed=\"Click to expand: \u00c0 quel moment intervenir ?\" data-aria_expanded=\"Click to collapse: \u00c0 quel moment intervenir ?\">\u00c0 quel moment intervenir ?<span class=\"toggle_icon\"><span class=\"vert_icon\"><\/span><span class=\"hor_icon\"><\/span><\/span><\/p><div id='toggle-id-2' aria-labelledby='toggle-toggle-id-2' role='region' class='toggle_wrap  av-title-above'  ><div class='toggle_content invers-color '  itemprop=\"text\" ><p data-start=\"748\" data-end=\"760\">Id\u00e9alement :<\/p>\n<ul data-start=\"762\" data-end=\"825\">\n<li data-start=\"762\" data-end=\"783\">\n<p data-start=\"764\" data-end=\"783\">avant offre ferme<\/p>\n<\/li>\n<li data-start=\"784\" data-end=\"825\">\n<p data-start=\"786\" data-end=\"825\">ou entre promesse et acte authentique<\/p>\n<\/li>\n<\/ul>\n<p data-start=\"827\" data-end=\"915\">Plus l\u2019intervention est pr\u00e9coce, plus la marge de man\u0153uvre d\u00e9cisionnelle est importante.<\/p>\n<\/div><\/div><\/div><\/section>\n<section class='av_toggle_section av-mljd0mqv-9ebab34452181f6679aeb33ca9fa52b5'  itemscope=\"itemscope\" itemtype=\"https:\/\/schema.org\/CreativeWork\" ><div role=\"tablist\" class=\"single_toggle\" data-tags=\"{All} \"  ><p id='toggle-toggle-id-3' data-fake-id='#toggle-id-3' class='toggler  av-title-above '  itemprop=\"headline\"  role='tab' tabindex='0' aria-controls='toggle-id-3' data-slide-speed=\"200\" data-title=\"En quoi votre mission diff\u00e8re-t-elle d\u2019un diagnostic immobilier ?\" data-title-open=\"\" data-aria_collapsed=\"Click to expand: En quoi votre mission diff\u00e8re-t-elle d\u2019un diagnostic immobilier ?\" data-aria_expanded=\"Click to collapse: En quoi votre mission diff\u00e8re-t-elle d\u2019un diagnostic immobilier ?\">En quoi votre mission diff\u00e8re-t-elle d\u2019un diagnostic immobilier ?<span class=\"toggle_icon\"><span class=\"vert_icon\"><\/span><span class=\"hor_icon\"><\/span><\/span><\/p><div id='toggle-id-3' aria-labelledby='toggle-toggle-id-3' role='region' class='toggle_wrap  av-title-above'  ><div class='toggle_content invers-color '  itemprop=\"text\" ><p data-start=\"992\" data-end=\"1105\">Les diagnostics r\u00e9glementaires (DPE, amiante, \u00e9lectricit\u00e9, etc.) r\u00e9pondent \u00e0 des obligations l\u00e9gales sp\u00e9cifiques.<\/p>\n<p data-start=\"1107\" data-end=\"1199\">La mission du Cabinet consiste en une lecture globale, transversale et strat\u00e9gique du bien :<\/p>\n<ul data-start=\"1201\" data-end=\"1322\">\n<li data-start=\"1201\" data-end=\"1227\">\n<p data-start=\"1203\" data-end=\"1227\">coh\u00e9rence constructive<\/p>\n<\/li>\n<li data-start=\"1228\" data-end=\"1251\">\n<p data-start=\"1230\" data-end=\"1251\">risques structurels<\/p>\n<\/li>\n<li data-start=\"1252\" data-end=\"1282\">\n<p data-start=\"1254\" data-end=\"1282\">contraintes r\u00e9glementaires<\/p>\n<\/li>\n<li data-start=\"1283\" data-end=\"1322\">\n<p data-start=\"1285\" data-end=\"1322\">implications budg\u00e9taires indirectes<\/p>\n<\/li>\n<\/ul>\n<p data-start=\"1324\" data-end=\"1404\">Il s\u2019agit d\u2019une analyse experte ind\u00e9pendante, non d\u2019un simple contr\u00f4le normatif.<\/p>\n<\/div><\/div><\/div><\/section>\n<section class='av_toggle_section av-mljd102f-ec80b4fdb492e87784f38e9f00cb1ef1'  itemscope=\"itemscope\" itemtype=\"https:\/\/schema.org\/CreativeWork\" ><div role=\"tablist\" class=\"single_toggle\" data-tags=\"{All} \"  ><p id='toggle-toggle-id-4' data-fake-id='#toggle-id-4' class='toggler  av-title-above '  itemprop=\"headline\"  role='tab' tabindex='0' aria-controls='toggle-id-4' data-slide-speed=\"200\" data-title=\"Exercez-vous une mission de ma\u00eetrise d\u2019\u0153uvre ?\" data-title-open=\"\" data-aria_collapsed=\"Click to expand: Exercez-vous une mission de ma\u00eetrise d\u2019\u0153uvre ?\" data-aria_expanded=\"Click to collapse: Exercez-vous une mission de ma\u00eetrise d\u2019\u0153uvre ?\">Exercez-vous une mission de ma\u00eetrise d\u2019\u0153uvre ?<span class=\"toggle_icon\"><span class=\"vert_icon\"><\/span><span class=\"hor_icon\"><\/span><\/span><\/p><div id='toggle-id-4' aria-labelledby='toggle-toggle-id-4' role='region' class='toggle_wrap  av-title-above'  ><div class='toggle_content invers-color '  itemprop=\"text\" ><p data-start=\"1462\" data-end=\"1466\">Non.<\/p>\n<p data-start=\"1468\" data-end=\"1564\">Le Cabinet intervient exclusivement en amont, dans un cadre d\u2019analyse et de conseil ind\u00e9pendant.<\/p>\n<p data-start=\"1566\" data-end=\"1693\">Il ne r\u00e9alise ni conception architecturale, ni suivi d\u2019ex\u00e9cution, ni pilotage de travaux dans le cadre des missions pr\u00e9sent\u00e9es.<\/p>\n<\/div><\/div><\/div><\/section>\n<section class='av_toggle_section av-mljd1cos-077e4af029e8ab4efd740ecd7a7d3509'  itemscope=\"itemscope\" itemtype=\"https:\/\/schema.org\/CreativeWork\" ><div role=\"tablist\" class=\"single_toggle\" data-tags=\"{All} \"  ><p id='toggle-toggle-id-5' data-fake-id='#toggle-id-5' class='toggler  av-title-above '  itemprop=\"headline\"  role='tab' tabindex='0' aria-controls='toggle-id-5' data-slide-speed=\"200\" data-title=\"Intervenez-vous uniquement \u00e0 Paris ?\" data-title-open=\"\" data-aria_collapsed=\"Click to expand: Intervenez-vous uniquement \u00e0 Paris ?\" data-aria_expanded=\"Click to collapse: Intervenez-vous uniquement \u00e0 Paris ?\">Intervenez-vous uniquement \u00e0 Paris ?<span class=\"toggle_icon\"><span class=\"vert_icon\"><\/span><span class=\"hor_icon\"><\/span><\/span><\/p><div id='toggle-id-5' aria-labelledby='toggle-toggle-id-5' role='region' class='toggle_wrap  av-title-above'  ><div class='toggle_content invers-color '  itemprop=\"text\" ><p data-start=\"1741\" data-end=\"1815\">Le Cabinet est bas\u00e9 \u00e0 Paris et intervient principalement en \u00cele-de-France.<\/p>\n<p data-start=\"1817\" data-end=\"1898\">Des missions peuvent \u00eatre r\u00e9alis\u00e9es ailleurs en France selon la nature du projet.<\/p>\n<\/div><\/div><\/div><\/section>\n<section class='av_toggle_section av-mljd1px0-e87983f04fed6e88ad8e4770a853fd9a'  itemscope=\"itemscope\" itemtype=\"https:\/\/schema.org\/CreativeWork\" ><div role=\"tablist\" class=\"single_toggle\" data-tags=\"{All} \"  ><p id='toggle-toggle-id-6' data-fake-id='#toggle-id-6' class='toggler  av-title-above '  itemprop=\"headline\"  role='tab' tabindex='0' aria-controls='toggle-id-6' data-slide-speed=\"200\" data-title=\"Travaillez-vous avec des non-r\u00e9sidents ?\" data-title-open=\"\" data-aria_collapsed=\"Click to expand: Travaillez-vous avec des non-r\u00e9sidents ?\" data-aria_expanded=\"Click to collapse: Travaillez-vous avec des non-r\u00e9sidents ?\">Travaillez-vous avec des non-r\u00e9sidents ?<span class=\"toggle_icon\"><span class=\"vert_icon\"><\/span><span class=\"hor_icon\"><\/span><\/span><\/p><div id='toggle-id-6' aria-labelledby='toggle-toggle-id-6' role='region' class='toggle_wrap  av-title-above'  ><div class='toggle_content invers-color '  itemprop=\"text\" ><p data-start=\"1950\" data-end=\"1954\">Oui.<\/p>\n<p data-start=\"1956\" data-end=\"2028\">Le Cabinet accompagne r\u00e9guli\u00e8rement des acqu\u00e9reurs bas\u00e9s hors de France.<\/p>\n<p data-start=\"2030\" data-end=\"2156\">Une pr\u00e9sence ind\u00e9pendante sur place permet de r\u00e9duire l\u2019asym\u00e9trie d\u2019information et de s\u00e9curiser une d\u00e9cision prise \u00e0 distance.<\/p>\n<\/div><\/div><\/div><\/section>\n<section class='av_toggle_section av-mljd26ed-53192287535e7b974552a60cfa2cf2bf'  itemscope=\"itemscope\" itemtype=\"https:\/\/schema.org\/CreativeWork\" ><div role=\"tablist\" class=\"single_toggle\" data-tags=\"{All} \"  ><p id='toggle-toggle-id-7' data-fake-id='#toggle-id-7' class='toggler  av-title-above '  itemprop=\"headline\"  role='tab' tabindex='0' aria-controls='toggle-id-7' data-slide-speed=\"200\" data-title=\"Coordonnez-vous des bureaux d\u2019\u00e9tudes ?\" data-title-open=\"\" data-aria_collapsed=\"Click to expand: Coordonnez-vous des bureaux d\u2019\u00e9tudes ?\" data-aria_expanded=\"Click to collapse: Coordonnez-vous des bureaux d\u2019\u00e9tudes ?\">Coordonnez-vous des bureaux d\u2019\u00e9tudes ?<span class=\"toggle_icon\"><span class=\"vert_icon\"><\/span><span class=\"hor_icon\"><\/span><\/span><\/p><div id='toggle-id-7' aria-labelledby='toggle-toggle-id-7' role='region' class='toggle_wrap  av-title-above'  ><div class='toggle_content invers-color '  itemprop=\"text\" ><p>Pour les missions approfondies, le Cabinet peut coordonner des architectes partenaires ou des bureaux d\u2019\u00e9tudes sp\u00e9cialis\u00e9s (structure, fluides, thermique), chacun intervenant sous sa propre responsabilit\u00e9.<\/p>\n<\/div><\/div><\/div><\/section>\n<section class='av_toggle_section av-mljd2mf2-3f673217931f42dfc2db8b2c2577710f'  itemscope=\"itemscope\" itemtype=\"https:\/\/schema.org\/CreativeWork\" ><div role=\"tablist\" class=\"single_toggle\" data-tags=\"{All} \"  ><p id='toggle-toggle-id-8' data-fake-id='#toggle-id-8' class='toggler  av-title-above '  itemprop=\"headline\"  role='tab' tabindex='0' aria-controls='toggle-id-8' data-slide-speed=\"200\" data-title=\"Les informations \u00e9chang\u00e9es sont-elles confidentielles ?\" data-title-open=\"\" data-aria_collapsed=\"Click to expand: Les informations \u00e9chang\u00e9es sont-elles confidentielles ?\" data-aria_expanded=\"Click to collapse: Les informations \u00e9chang\u00e9es sont-elles confidentielles ?\">Les informations \u00e9chang\u00e9es sont-elles confidentielles ?<span class=\"toggle_icon\"><span class=\"vert_icon\"><\/span><span class=\"hor_icon\"><\/span><\/span><\/p><div id='toggle-id-8' aria-labelledby='toggle-toggle-id-8' role='region' class='toggle_wrap  av-title-above'  ><div class='toggle_content invers-color '  itemprop=\"text\" ><p data-start=\"2478\" data-end=\"2482\">Oui.<\/p>\n<p data-start=\"2484\" data-end=\"2545\">Toute demande et tout \u00e9change sont strictement confidentiels.<\/p>\n<\/div><\/div><\/div><\/section>\n<section class='av_toggle_section av-mljd30ng-1e6b5c6247d00f4366556168cb52a1de'  itemscope=\"itemscope\" itemtype=\"https:\/\/schema.org\/CreativeWork\" ><div role=\"tablist\" class=\"single_toggle\" data-tags=\"{All} \"  ><p id='toggle-toggle-id-9' data-fake-id='#toggle-id-9' class='toggler  av-title-above '  itemprop=\"headline\"  role='tab' tabindex='0' aria-controls='toggle-id-9' data-slide-speed=\"200\" data-title=\"Sous combien de temps intervenez-vous ?\" data-title-open=\"\" data-aria_collapsed=\"Click to expand: Sous combien de temps intervenez-vous ?\" data-aria_expanded=\"Click to collapse: Sous combien de temps intervenez-vous ?\">Sous combien de temps intervenez-vous ?<span class=\"toggle_icon\"><span class=\"vert_icon\"><\/span><span class=\"hor_icon\"><\/span><\/span><\/p><div id='toggle-id-9' aria-labelledby='toggle-toggle-id-9' role='region' class='toggle_wrap  av-title-above'  ><div class='toggle_content invers-color '  itemprop=\"text\" ><p data-start=\"2596\" data-end=\"2665\">Les d\u00e9lais d\u00e9pendent de la nature du bien et de l\u2019urgence du dossier.<\/p>\n<p data-start=\"2667\" data-end=\"2729\">Une premi\u00e8re r\u00e9ponse est apport\u00e9e sous 24 \u00e0 48 heures ouvr\u00e9es.<\/p>\n<\/div><\/div><\/div><\/section>\n<\/div><br \/>\n<section  class='av_textblock_section av-2crpr-8f7011a8b580cfb9e1808d6d4c8ea94a '   itemscope=\"itemscope\" itemtype=\"https:\/\/schema.org\/CreativeWork\" ><div class='avia_textblock'  itemprop=\"text\" ><blockquote>\n<p>Vous ne trouvez pas la r\u00e9ponse \u00e0 votre question ?<br data-start=\"2837\" data-end=\"2840\" \/>Un premier \u00e9change confidentiel peut \u00eatre organis\u00e9 sur demande.<\/p>\n<\/blockquote>\n<\/div><\/section><\/p><\/div>\n\n<style type=\"text\/css\" data-created_by=\"avia_inline_auto\" id=\"style-css-av-3wvmf-d74b7d6d0ff85e9d160a768e5137c292\">\n.flex_column.av-3wvmf-d74b7d6d0ff85e9d160a768e5137c292{\nborder-radius:0px 0px 0px 0px;\npadding:0px 0px 0px 0px;\n}\n<\/style>\n<div  class='flex_column av-3wvmf-d74b7d6d0ff85e9d160a768e5137c292 av_one_fourth  avia-builder-el-5  el_after_av_three_fourth  avia-builder-el-last  flex_column_div av-animated-generic bottom-to-top av-zero-column-padding  '     ><p>\n<style type=\"text\/css\" data-created_by=\"avia_inline_auto\" id=\"style-css-av-3414b-6a644ff1e6497da73dd7e3e14cb61976\">\n#top .av-special-heading.av-3414b-6a644ff1e6497da73dd7e3e14cb61976{\npadding-bottom:0;\n}\nbody .av-special-heading.av-3414b-6a644ff1e6497da73dd7e3e14cb61976 .av-special-heading-tag .heading-char{\nfont-size:25px;\n}\n.av-special-heading.av-3414b-6a644ff1e6497da73dd7e3e14cb61976 .av-subheading{\nfont-size:15px;\n}\n<\/style>\n<div  class='av-special-heading av-3414b-6a644ff1e6497da73dd7e3e14cb61976 av-special-heading-h3 blockquote modern-quote  avia-builder-el-6  el_before_av_hr  avia-builder-el-first '><h3 class='av-special-heading-tag '  itemprop=\"headline\"  >Notre cadre d\u2019intervention<\/h3><div class=\"special-heading-border\"><div class=\"special-heading-inner-border\"><\/div><\/div><\/div><br \/>\n\n<style type=\"text\/css\" data-created_by=\"avia_inline_auto\" id=\"style-css-av-1mq27-1dd5bfaf18e27a8a26b6670e20d78267\">\n#top .hr.av-1mq27-1dd5bfaf18e27a8a26b6670e20d78267{\nmargin-top:10px;\nmargin-bottom:10px;\n}\n.hr.av-1mq27-1dd5bfaf18e27a8a26b6670e20d78267 .hr-inner{\nwidth:50px;\nborder-color:#000091;\n}\n<\/style>\n<div  class='hr av-1mq27-1dd5bfaf18e27a8a26b6670e20d78267 hr-custom  avia-builder-el-7  el_after_av_heading  el_before_av_textblock  hr-left hr-icon-no'><span class='hr-inner inner-border-av-border-fat'><span class=\"hr-inner-style\"><\/span><\/span><\/div><br \/>\n<section  class='av_textblock_section av-422z-39e81a536d5d4b5dede1d8719c27d01f '   itemscope=\"itemscope\" itemtype=\"https:\/\/schema.org\/CreativeWork\" ><div class='avia_textblock'  itemprop=\"text\" ><p data-start=\"416\" data-end=\"508\">Les missions du Cabinet sont r\u00e9alis\u00e9es exclusivement en amont de toute d\u00e9cision immobili\u00e8re.<\/p>\n<p data-start=\"510\" data-end=\"578\">Chaque intervention fait l\u2019objet d\u2019une lettre de mission pr\u00e9cisant :<\/p>\n<p data-start=\"580\" data-end=\"661\">\u2013 le p\u00e9rim\u00e8tre exact<br data-start=\"600\" data-end=\"603\" \/>\u2013 les limites d\u2019analyse<br data-start=\"626\" data-end=\"629\" \/>\u2013 les responsabilit\u00e9s engag\u00e9es<\/p>\n<p data-start=\"663\" data-end=\"732\">Le Cabinet n\u2019exerce pas de mission de ma\u00eetrise d\u2019\u0153uvre dans ce cadre.<\/p>\n<\/div><\/section><\/p><\/div>\n","protected":false},"excerpt":{"rendered":"","protected":false},"author":1,"featured_media":0,"parent":0,"menu_order":0,"comment_status":"closed","ping_status":"closed","template":"","meta":{"footnotes":""},"class_list":["post-568","page","type-page","status-publish","hentry"],"_links":{"self":[{"href":"https:\/\/ch-g.fr\/index.php?rest_route=\/wp\/v2\/pages\/568","targetHints":{"allow":["GET"]}}],"collection":[{"href":"https:\/\/ch-g.fr\/index.php?rest_route=\/wp\/v2\/pages"}],"about":[{"href":"https:\/\/ch-g.fr\/index.php?rest_route=\/wp\/v2\/types\/page"}],"author":[{"embeddable":true,"href":"https:\/\/ch-g.fr\/index.php?rest_route=\/wp\/v2\/users\/1"}],"replies":[{"embeddable":true,"href":"https:\/\/ch-g.fr\/index.php?rest_route=%2Fwp%2Fv2%2Fcomments&post=568"}],"version-history":[{"count":4,"href":"https:\/\/ch-g.fr\/index.php?rest_route=\/wp\/v2\/pages\/568\/revisions"}],"predecessor-version":[{"id":579,"href":"https:\/\/ch-g.fr\/index.php?rest_route=\/wp\/v2\/pages\/568\/revisions\/579"}],"wp:attachment":[{"href":"https:\/\/ch-g.fr\/index.php?rest_route=%2Fwp%2Fv2%2Fmedia&parent=568"}],"curies":[{"name":"wp","href":"https:\/\/api.w.org\/{rel}","templated":true}]}}